{"id":35,"date":"2023-01-22T10:06:59","date_gmt":"2023-01-22T09:06:59","guid":{"rendered":"https:\/\/hinterwald.schule\/?page_id=35"},"modified":"2023-01-22T10:06:59","modified_gmt":"2023-01-22T09:06:59","slug":"dana-praxis","status":"publish","type":"page","link":"https:\/\/hinterwald.schule\/index.php\/dana-praxis\/","title":{"rendered":"Dana Praxis"},"content":{"rendered":"\n<p>Es wird keine feste Kursgeb\u00fchr erhoben, alles findet auf Dana-Basis statt (siehe bspw. <a href=\"https:\/\/de.wikipedia.org\/wiki\/D%C4%81na\" data-type=\"URL\" data-id=\"https:\/\/de.wikipedia.org\/wiki\/D%C4%81na\" target=\"_blank\" rel=\"noreferrer noopener\">Wikipedia Artikel zu Dana<\/a>). Es ist jeder und jedem selbst anheim gestellt, was der Kurs f\u00fcr einen bedeutet und was finanziell m\u00f6glich ist. Es gibt neben der ganzen Sache mit dem Geld auch andere Wege, sich f\u00fcr die Unterrichtung zu bedanken oder auch diese Geschenke an ganz andere Wesen weiterzugeben.<\/p>\n\n\n\n<p>Wer nun unbedingt eine Orientierung zu \u00fcblichen Summen sucht \u2013 ein 10-Termin Qi Gong Kurs w\u00e4re \u00fcblicherweise 180,\u2013 EUR und eine monatliche Kung-Fu Kursgeb\u00fchr zwischen 50 und 80 EUR wert (Sch\u00fcler\/Studenten, Erwachsene, etc.).<\/p>\n\n\n\n<p>Bankverbindung f\u00fcr \u00dcberweisungen bitte per Email oder im Kurs anfragen.<\/p>\n","protected":false},"excerpt":{"rendered":"<p>Es wird keine feste Kursgeb\u00fchr erhoben, alles findet auf Dana-Basis statt (siehe bspw. Wikipedia Artikel zu Dana). Es ist jeder und jedem selbst anheim gestellt, was der Kurs f\u00fcr einen bedeutet und was finanziell m\u00f6glich ist. Es gibt neben der ganzen Sache mit dem Geld auch andere Wege, sich f\u00fcr die Unterrichtung zu bedanken oder [&hellip;]<\/p>\n","protected":false},"author":1,"featured_media":0,"parent":0,"menu_order":0,"comment_status":"closed","ping_status":"closed","template":"","meta":{"footnotes":""},"class_list":["post-35","page","type-page","status-publish","hentry"],"_links":{"self":[{"href":"https:\/\/hinterwald.schule\/index.php\/wp-json\/wp\/v2\/pages\/35","targetHints":{"allow":["GET"]}}],"collection":[{"href":"https:\/\/hinterwald.schule\/index.php\/wp-json\/wp\/v2\/pages"}],"about":[{"href":"https:\/\/hinterwald.schule\/index.php\/wp-json\/wp\/v2\/types\/page"}],"author":[{"embeddable":true,"href":"https:\/\/hinterwald.schule\/index.php\/wp-json\/wp\/v2\/users\/1"}],"replies":[{"embeddable":true,"href":"https:\/\/hinterwald.schule\/index.php\/wp-json\/wp\/v2\/comments?post=35"}],"version-history":[{"count":1,"href":"https:\/\/hinterwald.schule\/index.php\/wp-json\/wp\/v2\/pages\/35\/revisions"}],"predecessor-version":[{"id":36,"href":"https:\/\/hinterwald.schule\/index.php\/wp-json\/wp\/v2\/pages\/35\/revisions\/36"}],"wp:attachment":[{"href":"https:\/\/hinterwald.schule\/index.php\/wp-json\/wp\/v2\/media?parent=35"}],"curies":[{"name":"wp","href":"https:\/\/api.w.org\/{rel}","templated":true}]}}